{"id":7661,"date":"2026-04-29T07:20:07","date_gmt":"2026-04-29T07:20:07","guid":{"rendered":"https:\/\/www.prbetel.si\/?page_id=7661"},"modified":"2026-04-30T07:10:50","modified_gmt":"2026-04-30T07:10:50","slug":"getraenkekarte","status":"publish","type":"page","link":"https:\/\/www.prbetel.si\/de\/getraenkekarte\/","title":{"rendered":"Getr\u00e4nkekarte"},"content":{"rendered":"\t\t<div data-elementor-type=\"wp-page\" data-elementor-id=\"7661\" class=\"elementor elementor-7661 elementor-7642\" data-elementor-post-type=\"page\">\n\t\t\t\t<div class=\"elementor-element elementor-element-225efb3 e-flex e-con-boxed e-con e-parent\" data-id=\"225efb3\" data-element_type=\"container\">\n\t\t\t\t\t<div class=\"e-con-inner\">\n\t\t\t\t<div class=\"elementor-element elementor-element-d2e9e7a elementor-widget elementor-widget-heading\" data-id=\"d2e9e7a\" data-element_type=\"widget\" data-widget_type=\"heading.default\">\n\t\t\t\t<div class=\"elementor-widget-container\">\n\t\t\t\t\t<h2 class=\"elementor-heading-title elementor-size-default\">Willkommen bei Pr' Betel.<\/h2>\t\t\t\t<\/div>\n\t\t\t\t<\/div>\n\t\t\t\t<div class=\"elementor-element elementor-element-2befd2e elementor-widget__width-initial elementor-widget elementor-widget-text-editor\" data-id=\"2befd2e\" data-element_type=\"widget\" data-widget_type=\"text-editor.default\">\n\t\t\t\t<div class=\"elementor-widget-container\">\n\t\t\t\t\t\t\t\t\t<p class=\"p1\">Entdecken Sie unsere Auswahl an erfrischenden Getr\u00e4nken, Bieren, Weinen, Spirituosen und warmen Getr\u00e4nken.<\/p><p class=\"p1\">Unser Speiseangebot wechselt t\u00e4glich \u2013 je nach Saison, frischen Zutaten und hausgemachten Gerichten, die an diesem Tag zubereitet werden. F\u00fcr das aktuelle Tagesangebot fragen Sie bitte unser Personal \u2014 wir empfehlen Ihnen gerne etwas Gutes.<\/p>\t\t\t\t\t\t\t\t<\/div>\n\t\t\t\t<\/div>\n\t\t\t\t<div class=\"elementor-element elementor-element-4ed9b4c elementor-widget elementor-widget-html\" data-id=\"4ed9b4c\" data-element_type=\"widget\" data-widget_type=\"html.default\">\n\t\t\t\t<div class=\"elementor-widget-container\">\n\t\t\t\t\t<style>\n.cenik-wrap {\n  max-width: 900px;\n  margin: 0 auto;\n  font-family: inherit;\n}\n\n.cenik-section {\n  border-bottom: 1px solid #e5e5e5;\n  margin-bottom: 10px;\n}\n\n.cenik-section summary {\n  cursor: pointer;\n  font-size: 22px;\n  font-weight: 700;\n  padding: 18px 0;\n  list-style: none;\n}\n\n.cenik-section summary::-webkit-details-marker {\n  display: none;\n}\n\n.cenik-section summary::after {\n  content: \"+\";\n  float: right;\n  font-size: 26px;\n}\n\n.cenik-section[open] summary::after {\n  content: \"\u2212\";\n}\n\n.cenik-table {\n  width: 100%;\n  border-collapse: collapse;\n  margin-bottom: 20px;\n}\n\n.cenik-table td {\n  padding: 10px 0;\n  border-bottom: 1px solid #eee;\n  font-size: 16px;\n}\n\n.cenik-table td:last-child {\n  text-align: right;\n  font-weight: 700;\n  white-space: nowrap;\n  padding-left: 20px;\n}\n\n@media (max-width: 600px) {\n  .cenik-section summary {\n    font-size: 19px;\n  }\n\n  .cenik-table td {\n    font-size: 15px;\n  }\n}\n<\/style>\n\n<div class=\"cenik-wrap\">\n\n  <details class=\"cenik-section\" open>\n    <summary>Alkoholfreie Getr\u00e4nke<\/summary>\n    <table class=\"cenik-table\">\n      <tr><td>Pfirsichsaft 0,1L<\/td><td>1,40 \u20ac<\/td><\/tr>\n      <tr><td>Erdbeersaft 0,1L<\/td><td>1,40 \u20ac<\/td><\/tr>\n      <tr><td>Apfelsaft 0,1L<\/td><td>1,40 \u20ac<\/td><\/tr>\n      <tr><td>Orangensaft 0,1L<\/td><td>1,40 \u20ac<\/td><\/tr>\n      <tr><td>Johannisbeersaft 0,1L<\/td><td>1,40 \u20ac<\/td><\/tr>\n      <tr><td>Mineralwasser 0,1L<\/td><td>0,70 \u20ac<\/td><\/tr>\n      <tr><td>Mineralwasser 0,25L<\/td><td>1,90 \u20ac<\/td><\/tr>\n      <tr><td>Mineralwasser 0,5L<\/td><td>2,90 \u20ac<\/td><\/tr>\n      <tr><td>Cockta 275ml<\/td><td>3,00 \u20ac<\/td><\/tr>\n      <tr><td>Fanta 0,25L<\/td><td>3,00 \u20ac<\/td><\/tr>\n      <tr><td>Coca-Cola 0,25L<\/td><td>3,00 \u20ac<\/td><\/tr>\n      <tr><td>Schweppes 0,25L<\/td><td>3,00 \u20ac<\/td><\/tr>\n      <tr><td>Eistee 0,25L<\/td><td>3,00 \u20ac<\/td><\/tr>\n      <tr><td>Cedevita<\/td><td>2,50 \u20ac<\/td><\/tr>\n      <tr><td>Wasser mit Geschmack 0,5L<\/td><td>2,00 \u20ac<\/td><\/tr>\n      <tr><td>Frische Limonade<\/td><td>1,30 \u20ac<\/td><\/tr>\n    <\/table>\n  <\/details>\n\n\n  <details class=\"cenik-section\">\n    <summary>Biere<\/summary>\n    <table class=\"cenik-table\">\n      <tr><td>Fassbier 0,3L<\/td><td>3,00 \u20ac<\/td><\/tr>\n      <tr><td>Fassbier 0,5L<\/td><td>3,30 \u20ac<\/td><\/tr>\n      <tr><td>La\u0161ko 0,5L<\/td><td>3,30 \u20ac<\/td><\/tr>\n      <tr><td>Union 0,5L<\/td><td>3,30 \u20ac<\/td><\/tr>\n      <tr><td>Unfiltriertes Bier 0,5L<\/td><td>3,30 \u20ac<\/td><\/tr>\n      <tr><td>Dunkles Bier 0,5L<\/td><td>3,30 \u20ac<\/td><\/tr>\n      <tr><td>Heineken 0,33L<\/td><td>3,50 \u20ac<\/td><\/tr>\n      <tr><td>Alkoholfreies Bier 0,5L<\/td><td>3,00 \u20ac<\/td><\/tr>\n      <tr><td>Radler 0,5L<\/td><td>3,20 \u20ac<\/td><\/tr>\n      <tr><td>Radler Isotonic 0,0<\/td><td>3,20 \u20ac<\/td><\/tr>\n      <tr><td>Gallus Lager Bier 0,5L<\/td><td>4,80 \u20ac<\/td><\/tr>\n      <tr><td>Vega Pale Ale Bier 0,5L<\/td><td>4,80 \u20ac<\/td><\/tr>\n      <tr><td>Vega 0.0 Bier 0,5L<\/td><td>4,80 \u20ac<\/td><\/tr>\n    <\/table>\n  <\/details>\n\n  <details class=\"cenik-section\">\n    <summary>Weine<\/summary>\n    <table class=\"cenik-table\">\n      <tr><td>Cabernet Sauvignon 0,1L<\/td><td>1,70 \u20ac<\/td><\/tr>\n      <tr><td>Cvi\u010dek 0,1L<\/td><td>1,50 \u20ac<\/td><\/tr>\n      <tr><td>Halo\u017ean 0,1L<\/td><td>1,50 \u20ac<\/td><\/tr>\n      <tr><td>Jan\u017eevec 0,1L<\/td><td>1,50 \u20ac<\/td><\/tr>\n      <tr><td>Mon Ami 0,1L<\/td><td>1,70 \u20ac<\/td><\/tr>\n      <tr><td>Refo\u0161k 0,1L<\/td><td>1,70 \u20ac<\/td><\/tr>\n      <tr><td>Gelber Muskateller 0,1L<\/td><td>2,40 \u20ac<\/td><\/tr>\n      <tr><td>Chardonnay 0,1L<\/td><td>1,60 \u20ac<\/td><\/tr>\n      <tr><td>Schaumwein 0,75L<\/td><td>25,00 \u20ac<\/td><\/tr>\n      <tr><td>Gelber Muskateller 0,75L<\/td><td>18,00 \u20ac<\/td><\/tr>\n    <\/table>\n  <\/details>\n\n  <details class=\"cenik-section\">\n    <summary>Spirituosen<\/summary>\n    <table class=\"cenik-table\">\n      <tr><td>Heidelbeerlik\u00f6r 0,03L<\/td><td>2,50 \u20ac<\/td><\/tr>\n      <tr><td>Jagermeister 0,03L<\/td><td>3,50 \u20ac<\/td><\/tr>\n      <tr><td>Aprikosenlik\u00f6r 0,03L<\/td><td>2,50 \u20ac<\/td><\/tr>\n      <tr><td>Rum 0,03L<\/td><td>2,00 \u20ac<\/td><\/tr>\n      <tr><td>Fichtenschnaps 0,03L<\/td><td>2,50 \u20ac<\/td><\/tr>\n      <tr><td>Williamsbirnenbrand 0,03L<\/td><td>3,00 \u20ac<\/td><\/tr>\n      <tr><td>Wacholderschnaps 0,03L<\/td><td>3,50 \u20ac<\/td><\/tr>\n      <tr><td>Gin 0,03L<\/td><td>2,50 \u20ac<\/td><\/tr>\n      <tr><td>Erdbeerlik\u00f6r 0,03L<\/td><td>2,50 \u20ac<\/td><\/tr>\n      <tr><td>Kr\u00e4uterbitter 0,03L<\/td><td>2,50 \u20ac<\/td><\/tr>\n      <tr><td>Obstbrand 0,03L<\/td><td>2,50 \u20ac<\/td><\/tr>\n      <tr><td>Whiskey 0,03L<\/td><td>3,50 \u20ac<\/td><\/tr>\n    <\/table>\n  <\/details>\n\n  <details class=\"cenik-section\">\n    <summary>Warme Getr\u00e4nke<\/summary>\n    <table class=\"cenik-table\">\n      <tr><td>Milchkaffee<\/td><td>2,50 \u20ac<\/td><\/tr>\n      <tr><td>Koffeinfreier Kaffee<\/td><td>1,80 \u20ac<\/td><\/tr>\n      <tr><td>Cappuccino<\/td><td>2,00 \u20ac<\/td><\/tr>\n      <tr><td>Hei\u00dfe Schokolade mit Sahne<\/td><td>2,50 \u20ac<\/td><\/tr>\n      <tr><td>Hei\u00dfe Schokolade<\/td><td>2,10 \u20ac<\/td><\/tr>\n      <tr><td>Kaffee<\/td><td>1,60 \u20ac<\/td><\/tr>\n      <tr><td>Kaffee mit Sahne<\/td><td>2,00 \u20ac<\/td><\/tr>\n      <tr><td>Kaffee mit Milch<\/td><td>1,80 \u20ac<\/td><\/tr>\n      <tr><td>Macchiato<\/td><td>1,50 \u20ac<\/td><\/tr>\n      <tr><td>Gl\u00fchwein<\/td><td>3,50 \u20ac<\/td><\/tr>\n      <tr><td>T\u00fcrkischer Milchkaffee<\/td><td>2,50 \u20ac<\/td><\/tr>\n      <tr><td>T\u00fcrkischer Kaffee<\/td><td>1,60 \u20ac<\/td><\/tr>\n      <tr><td>T\u00fcrkischer Kaffee mit Sahne<\/td><td>2,00 \u20ac<\/td><\/tr>\n      <tr><td>T\u00fcrkischer Kaffee mit Milch<\/td><td>1,80 \u20ac<\/td><\/tr>\n      <tr><td>Tee<\/td><td>1,80 \u20ac<\/td><\/tr>\n      <tr><td>Hausgemachter Tee<\/td><td>1,80 \u20ac<\/td><\/tr>\n    <\/table>\n  <\/details>\n\n<\/div>\t\t\t\t<\/div>\n\t\t\t\t<\/div>\n\t\t\t\t\t<\/div>\n\t\t\t\t<\/div>\n\t\t\t\t<\/div>\n\t\t","protected":false},"excerpt":{"rendered":"<p>Willkommen bei Pr&#8216; Betel. Entdecken Sie unsere Auswahl an erfrischenden Getr\u00e4nken, Bieren, Weinen, Spirituosen und warmen Getr\u00e4nken. Unser Speiseangebot wechselt t\u00e4glich \u2013 je nach Saison, frischen Zutaten und hausgemachten Gerichten, die an diesem Tag zubereitet werden. F\u00fcr das aktuelle Tagesangebot fragen Sie bitte unser Personal \u2014 wir empfehlen Ihnen gerne etwas Gutes. Alkoholfreie Getr\u00e4nke Pfirsichsaft [&hellip;]<\/p>\n","protected":false},"author":1,"featured_media":0,"parent":0,"menu_order":0,"comment_status":"closed","ping_status":"closed","template":"template-homepage.php","meta":{"footnotes":""},"class_list":["post-7661","page","type-page","status-publish","hentry"],"_links":{"self":[{"href":"https:\/\/www.prbetel.si\/de\/wp-json\/wp\/v2\/pages\/7661","targetHints":{"allow":["GET"]}}],"collection":[{"href":"https:\/\/www.prbetel.si\/de\/wp-json\/wp\/v2\/pages"}],"about":[{"href":"https:\/\/www.prbetel.si\/de\/wp-json\/wp\/v2\/types\/page"}],"author":[{"embeddable":true,"href":"https:\/\/www.prbetel.si\/de\/wp-json\/wp\/v2\/users\/1"}],"replies":[{"embeddable":true,"href":"https:\/\/www.prbetel.si\/de\/wp-json\/wp\/v2\/comments?post=7661"}],"version-history":[{"count":19,"href":"https:\/\/www.prbetel.si\/de\/wp-json\/wp\/v2\/pages\/7661\/revisions"}],"predecessor-version":[{"id":7727,"href":"https:\/\/www.prbetel.si\/de\/wp-json\/wp\/v2\/pages\/7661\/revisions\/7727"}],"wp:attachment":[{"href":"https:\/\/www.prbetel.si\/de\/wp-json\/wp\/v2\/media?parent=7661"}],"curies":[{"name":"wp","href":"https:\/\/api.w.org\/{rel}","templated":true}]}}