{"id":7655,"date":"2026-04-29T07:20:07","date_gmt":"2026-04-29T07:20:07","guid":{"rendered":"https:\/\/www.prbetel.si\/?page_id=7655"},"modified":"2026-04-30T07:09:38","modified_gmt":"2026-04-30T07:09:38","slug":"cenik","status":"publish","type":"page","link":"https:\/\/www.prbetel.si\/sl\/cenik\/","title":{"rendered":"Cenik"},"content":{"rendered":"\t\t<div data-elementor-type=\"wp-page\" data-elementor-id=\"7655\" class=\"elementor elementor-7655 elementor-7642\" data-elementor-post-type=\"page\">\n\t\t\t\t<div class=\"elementor-element elementor-element-225efb3 e-flex e-con-boxed e-con e-parent\" data-id=\"225efb3\" data-element_type=\"container\">\n\t\t\t\t\t<div class=\"e-con-inner\">\n\t\t\t\t<div class=\"elementor-element elementor-element-d2e9e7a elementor-widget elementor-widget-heading\" data-id=\"d2e9e7a\" data-element_type=\"widget\" data-widget_type=\"heading.default\">\n\t\t\t\t<div class=\"elementor-widget-container\">\n\t\t\t\t\t<h2 class=\"elementor-heading-title elementor-size-default\">Dobrodo\u0161li Pr' Betel.<\/h2>\t\t\t\t<\/div>\n\t\t\t\t<\/div>\n\t\t\t\t<div class=\"elementor-element elementor-element-2befd2e elementor-widget__width-initial elementor-widget elementor-widget-text-editor\" data-id=\"2befd2e\" data-element_type=\"widget\" data-widget_type=\"text-editor.default\">\n\t\t\t\t<div class=\"elementor-widget-container\">\n\t\t\t\t\t\t\t\t\t<p class=\"p1\">Oglejte si na\u0161 izbor osve\u017eilnih pija\u010d, piv, vin, \u017eganih pija\u010d in toplih napitkov.<\/p><p class=\"p1\">Na\u0161a ponudba hrane se dnevno spreminja glede na sezono, sve\u017ee sestavine in doma\u010de jedi, ki jih pripravljamo tisti dan. Za trenutno ponudbo jedi povpra\u0161ajte na\u0161e osebje \u2014 z veseljem vam priporo\u010dimo nekaj dobrega.<\/p>\t\t\t\t\t\t\t\t<\/div>\n\t\t\t\t<\/div>\n\t\t\t\t<div class=\"elementor-element elementor-element-4ed9b4c elementor-widget elementor-widget-html\" data-id=\"4ed9b4c\" data-element_type=\"widget\" data-widget_type=\"html.default\">\n\t\t\t\t<div class=\"elementor-widget-container\">\n\t\t\t\t\t<style>\n.cenik-wrap {\n  max-width: 900px;\n  margin: 0 auto;\n  font-family: inherit;\n}\n\n.cenik-section {\n  border-bottom: 1px solid #e5e5e5;\n  margin-bottom: 10px;\n}\n\n.cenik-section summary {\n  cursor: pointer;\n  font-size: 22px;\n  font-weight: 700;\n  padding: 18px 0;\n  list-style: none;\n}\n\n.cenik-section summary::-webkit-details-marker {\n  display: none;\n}\n\n.cenik-section summary::after {\n  content: \"+\";\n  float: right;\n  font-size: 26px;\n}\n\n.cenik-section[open] summary::after {\n  content: \"\u2212\";\n}\n\n.cenik-table {\n  width: 100%;\n  border-collapse: collapse;\n  margin-bottom: 20px;\n}\n\n.cenik-table td {\n  padding: 10px 0;\n  border-bottom: 1px solid #eee;\n  font-size: 16px;\n}\n\n.cenik-table td:last-child {\n  text-align: right;\n  font-weight: 700;\n  white-space: nowrap;\n  padding-left: 20px;\n}\n\n@media (max-width: 600px) {\n  .cenik-section summary {\n    font-size: 19px;\n  }\n\n  .cenik-table td {\n    font-size: 15px;\n  }\n}\n<\/style>\n\n<div class=\"cenik-wrap\">\n\n  <details class=\"cenik-section\" open>\n    <summary>Brezalkoholne pija\u010de<\/summary>\n    <table class=\"cenik-table\">\n      <tr><td>Breskov sok 0,1L<\/td><td>1,40 \u20ac<\/td><\/tr>\n      <tr><td>Jagodni sok 0,1L<\/td><td>1,40 \u20ac<\/td><\/tr>\n      <tr><td>Jabol\u010dni sok 0,1L<\/td><td>1,40 \u20ac<\/td><\/tr>\n      <tr><td>Pomaran\u010dni sok 0,1L<\/td><td>1,40 \u20ac<\/td><\/tr>\n      <tr><td>Ribezov sok 0,1L<\/td><td>1,40 \u20ac<\/td><\/tr>\n      <tr><td>Radenska 0,1L<\/td><td>0,70 \u20ac<\/td><\/tr>\n      <tr><td>Radenska 0,25L<\/td><td>1,90 \u20ac<\/td><\/tr>\n      <tr><td>Radenska 0,5L<\/td><td>2,90 \u20ac<\/td><\/tr>\n      <tr><td>Cockta 275ml<\/td><td>3,00 \u20ac<\/td><\/tr>\n      <tr><td>Fanta 0,25L<\/td><td>3,00 \u20ac<\/td><\/tr>\n      <tr><td>Coca Cola 0,25L<\/td><td>3,00 \u20ac<\/td><\/tr>\n      <tr><td>Schweppes 0,25L<\/td><td>3,00 \u20ac<\/td><\/tr>\n      <tr><td>Ledeni \u010daj 0,25L<\/td><td>3,00 \u20ac<\/td><\/tr>\n      <tr><td>Cedevita<\/td><td>2,50 \u20ac<\/td><\/tr>\n      <tr><td>Voda z okusom 0,5L<\/td><td>2,00 \u20ac<\/td><\/tr>\n      <tr><td>Naravna limonada<\/td><td>1,30 \u20ac<\/td><\/tr>\n     \n    <\/table>\n  <\/details>\n\n  <details class=\"cenik-section\">\n    <summary>Piva<\/summary>\n    <table class=\"cenik-table\">\n      <tr><td>To\u010deno pivo 0,3L<\/td><td>3,00 \u20ac<\/td><\/tr>\n      <tr><td>To\u010deno pivo 0,5L<\/td><td>3,30 \u20ac<\/td><\/tr>\n      <tr><td>La\u0161ko 0,5L<\/td><td>3,30 \u20ac<\/td><\/tr>\n      <tr><td>Union 0,5L<\/td><td>3,30 \u20ac<\/td><\/tr>\n      <tr><td>Nefiltrirano pivo 0,5L<\/td><td>3,30 \u20ac<\/td><\/tr>\n      <tr><td>Temno pivo 0,5L<\/td><td>3,30 \u20ac<\/td><\/tr>\n      <tr><td>Heineken 0,33L<\/td><td>3,50 \u20ac<\/td><\/tr>\n      <tr><td>Brezalkoholno pivo 0,5L<\/td><td>3,00 \u20ac<\/td><\/tr>\n      <tr><td>Radler 0,5L<\/td><td>3,20 \u20ac<\/td><\/tr>\n      <tr><td>Radler Isotonic 0,0<\/td><td>3,20 \u20ac<\/td><\/tr>\n      <tr><td>Pivo Gallus Lager 0,5L<\/td><td>4,80 \u20ac<\/td><\/tr>\n      <tr><td>Pivo Vega Pale Ale 0,5L<\/td><td>4,80 \u20ac<\/td><\/tr>\n      <tr><td>Pivo Vega 0.0 0,5L<\/td><td>4,80 \u20ac<\/td><\/tr>\n    <\/table>\n  <\/details>\n\n  <details class=\"cenik-section\">\n    <summary>Vina<\/summary>\n    <table class=\"cenik-table\">\n      <tr><td>Cabernet Sauvignon 0,1L<\/td><td>1,70 \u20ac<\/td><\/tr>\n      <tr><td>Cvi\u010dek 0,1L<\/td><td>1,50 \u20ac<\/td><\/tr>\n      <tr><td>Halo\u017ean 0,1L<\/td><td>1,50 \u20ac<\/td><\/tr>\n      <tr><td>Jan\u017eevec 0,1L<\/td><td>1,50 \u20ac<\/td><\/tr>\n      <tr><td>Mon Ami 0,1L<\/td><td>1,70 \u20ac<\/td><\/tr>\n      <tr><td>Refo\u0161k 0,1L<\/td><td>1,70 \u20ac<\/td><\/tr>\n      <tr><td>Rumeni mu\u0161kat 0,1L<\/td><td>2,40 \u20ac<\/td><\/tr>\n      <tr><td>Chardonnay 0,1L<\/td><td>1,60 \u20ac<\/td><\/tr>\n      <tr><td>Penina 0,75L<\/td><td>25,00 \u20ac<\/td><\/tr>\n      <tr><td>Rumeni mu\u0161kat 0,75L<\/td><td>18,00 \u20ac<\/td><\/tr>\n    <\/table>\n  <\/details>\n\n  <details class=\"cenik-section\">\n    <summary>\u017dgane pija\u010de<\/summary>\n    <table class=\"cenik-table\">\n      <tr><td>Borovni\u010devec 0,03L<\/td><td>2,50 \u20ac<\/td><\/tr>\n      <tr><td>Jagermeister 0,03L<\/td><td>3,50 \u20ac<\/td><\/tr>\n      <tr><td>Mareli\u010dni liker 0,03L<\/td><td>2,50 \u20ac<\/td><\/tr>\n      <tr><td>Rum 0,03L<\/td><td>2,00 \u20ac<\/td><\/tr>\n      <tr><td>Smrekovec 0,03L<\/td><td>2,50 \u20ac<\/td><\/tr>\n      <tr><td>Viljamovka 0,03L<\/td><td>3,00 \u20ac<\/td><\/tr>\n      <tr><td>Brinjevec 0,03L<\/td><td>3,50 \u20ac<\/td><\/tr>\n      <tr><td>Gin 0,03L<\/td><td>2,50 \u20ac<\/td><\/tr>\n      <tr><td>Jagodni liker 0,03L<\/td><td>2,50 \u20ac<\/td><\/tr>\n      <tr><td>Pelinkovec 0,03L<\/td><td>2,50 \u20ac<\/td><\/tr>\n      <tr><td>Sadjevec 0,03L<\/td><td>2,50 \u20ac<\/td><\/tr>\n      <tr><td>Whiskey 0,03L<\/td><td>3,50 \u20ac<\/td><\/tr>\n    <\/table>\n  <\/details>\n\n  <details class=\"cenik-section\">\n    <summary>Topli napitki<\/summary>\n    <table class=\"cenik-table\">\n      <tr><td>Bela kava<\/td><td>2,50 \u20ac<\/td><\/tr>\n      <tr><td>Brezkofeinska kava<\/td><td>1,80 \u20ac<\/td><\/tr>\n      <tr><td>Cappuccino<\/td><td>2,00 \u20ac<\/td><\/tr>\n      <tr><td>Kakav s smetano<\/td><td>2,50 \u20ac<\/td><\/tr>\n      <tr><td>Kakav<\/td><td>2,10 \u20ac<\/td><\/tr>\n      <tr><td>Kava<\/td><td>1,60 \u20ac<\/td><\/tr>\n      <tr><td>Kava s smetano<\/td><td>2,00 \u20ac<\/td><\/tr>\n      <tr><td>Kava z mlekom<\/td><td>1,80 \u20ac<\/td><\/tr>\n      <tr><td>Macchiato<\/td><td>1,50 \u20ac<\/td><\/tr>\n      <tr><td>Kuhano vino<\/td><td>3,50 \u20ac<\/td><\/tr>\n      <tr><td>Tur\u0161ka bela kava<\/td><td>2,50 \u20ac<\/td><\/tr>\n      <tr><td>Tur\u0161ka kava<\/td><td>1,60 \u20ac<\/td><\/tr>\n      <tr><td>Tur\u0161ka kava s smetano<\/td><td>2,00 \u20ac<\/td><\/tr>\n      <tr><td>Tur\u0161ka kava z mlekom<\/td><td>1,80 \u20ac<\/td><\/tr>\n      <tr><td>\u010caj<\/td><td>1,80 \u20ac<\/td><\/tr>\n      <tr><td>Doma\u010di \u010daj<\/td><td>1,80 \u20ac<\/td><\/tr>\n    <\/table>\n  <\/details>\n\n<\/div>\t\t\t\t<\/div>\n\t\t\t\t<\/div>\n\t\t\t\t\t<\/div>\n\t\t\t\t<\/div>\n\t\t\t\t<\/div>\n\t\t","protected":false},"excerpt":{"rendered":"<p>Dobrodo\u0161li Pr&#8217; Betel. Oglejte si na\u0161 izbor osve\u017eilnih pija\u010d, piv, vin, \u017eganih pija\u010d in toplih napitkov. Na\u0161a ponudba hrane se dnevno spreminja glede na sezono, sve\u017ee sestavine in doma\u010de jedi, ki jih pripravljamo tisti dan. Za trenutno ponudbo jedi povpra\u0161ajte na\u0161e osebje \u2014 z veseljem vam priporo\u010dimo nekaj dobrega. Brezalkoholne pija\u010de Breskov sok 0,1L 1,40 [&hellip;]<\/p>\n","protected":false},"author":1,"featured_media":0,"parent":0,"menu_order":0,"comment_status":"closed","ping_status":"closed","template":"template-homepage.php","meta":{"footnotes":""},"class_list":["post-7655","page","type-page","status-publish","hentry"],"_links":{"self":[{"href":"https:\/\/www.prbetel.si\/sl\/wp-json\/wp\/v2\/pages\/7655","targetHints":{"allow":["GET"]}}],"collection":[{"href":"https:\/\/www.prbetel.si\/sl\/wp-json\/wp\/v2\/pages"}],"about":[{"href":"https:\/\/www.prbetel.si\/sl\/wp-json\/wp\/v2\/types\/page"}],"author":[{"embeddable":true,"href":"https:\/\/www.prbetel.si\/sl\/wp-json\/wp\/v2\/users\/1"}],"replies":[{"embeddable":true,"href":"https:\/\/www.prbetel.si\/sl\/wp-json\/wp\/v2\/comments?post=7655"}],"version-history":[{"count":17,"href":"https:\/\/www.prbetel.si\/sl\/wp-json\/wp\/v2\/pages\/7655\/revisions"}],"predecessor-version":[{"id":7718,"href":"https:\/\/www.prbetel.si\/sl\/wp-json\/wp\/v2\/pages\/7655\/revisions\/7718"}],"wp:attachment":[{"href":"https:\/\/www.prbetel.si\/sl\/wp-json\/wp\/v2\/media?parent=7655"}],"curies":[{"name":"wp","href":"https:\/\/api.w.org\/{rel}","templated":true}]}}